{"id":2540,"date":"2018-11-27T09:16:54","date_gmt":"2018-11-27T09:16:54","guid":{"rendered":"https:\/\/la2com.it\/home\/"},"modified":"2025-02-25T08:28:27","modified_gmt":"2025-02-25T08:28:27","slug":"home","status":"publish","type":"page","link":"https:\/\/la2com.it\/en\/","title":{"rendered":"Home"},"content":{"rendered":"\t\t<div data-elementor-type=\"wp-page\" data-elementor-id=\"2540\" class=\"elementor elementor-2540\" data-elementor-post-type=\"page\">\n\t\t\t\t<div class=\"elementor-element elementor-element-2cb5f4f e-flex e-con-boxed e-con e-parent\" data-id=\"2cb5f4f\" data-element_type=\"container\" data-settings=\"{&quot;background_background&quot;:&quot;classic&quot;}\">\n\t\t\t\t\t<div class=\"e-con-inner\">\n\t\t<div class=\"elementor-element elementor-element-fe6a729 e-con-full e-flex e-con e-child\" data-id=\"fe6a729\" data-element_type=\"container\">\n\t\t\t\t<div class=\"elementor-element elementor-element-292ea47 elementor-widget elementor-widget-image\" data-id=\"292ea47\" data-element_type=\"widget\" data-widget_type=\"image.default\">\n\t\t\t\t<div class=\"elementor-widget-container\">\n\t\t\t\t\t\t\t\t\t\t\t\t\t\t\t<img fetchpriority=\"high\" decoding=\"async\" width=\"1024\" height=\"294\" src=\"https:\/\/la2com.it\/wp-content\/uploads\/2024\/07\/Logo-LA2COM-B-1024x294.png\" class=\"attachment-large size-large wp-image-2141\" alt=\"\" srcset=\"https:\/\/la2com.it\/wp-content\/uploads\/2024\/07\/Logo-LA2COM-B-1024x294.png 1024w, https:\/\/la2com.it\/wp-content\/uploads\/2024\/07\/Logo-LA2COM-B-300x86.png 300w, https:\/\/la2com.it\/wp-content\/uploads\/2024\/07\/Logo-LA2COM-B-768x221.png 768w, https:\/\/la2com.it\/wp-content\/uploads\/2024\/07\/Logo-LA2COM-B-1536x442.png 1536w, https:\/\/la2com.it\/wp-content\/uploads\/2024\/07\/Logo-LA2COM-B-150x43.png 150w, https:\/\/la2com.it\/wp-content\/uploads\/2024\/07\/Logo-LA2COM-B.png 2000w\" sizes=\"(max-width: 1024px) 100vw, 1024px\" \/>\t\t\t\t\t\t\t\t\t\t\t\t\t\t\t<\/div>\n\t\t\t\t<\/div>\n\t\t\t\t<div class=\"elementor-element elementor-element-de48581 elementor-widget elementor-widget-heading\" data-id=\"de48581\" data-element_type=\"widget\" data-widget_type=\"heading.default\">\n\t\t\t\t<div class=\"elementor-widget-container\">\n\t\t\t\t\t<h2 class=\"elementor-heading-title elementor-size-default\">LAboratory of Lightweight Aircrafts COndition Monitoring: integration of multimodal experimental data fusion and digital twin simulations\n<\/h2>\t\t\t\t<\/div>\n\t\t\t\t<\/div>\n\t\t\t\t<div class=\"elementor-element elementor-element-ef73bb8 elementor-widget elementor-widget-text-editor\" data-id=\"ef73bb8\" data-element_type=\"widget\" data-widget_type=\"text-editor.default\">\n\t\t\t\t<div class=\"elementor-widget-container\">\n\t\t\t\t\t\t\t\t\t<span style=\"color: #ffffff;\">The project aims to create a physical and virtual laboratory for the monitoring and diagnosis of light aircraft. Heterogeneous measurements are processed through Data Fusion techniques and integrated with simulations of a Digital Twin.\nData classification algorithms provide indicators of the aircraft\u2019s health status to promptly identify any faults. The case study is an ultralight helicopter, for which a simplified test bench is created to validate the procedure.<\/span>\t\t\t\t\t\t\t\t<\/div>\n\t\t\t\t<\/div>\n\t\t\t\t<div class=\"elementor-element elementor-element-7ba1da6 elementor-align-center elementor-widget elementor-widget-button\" data-id=\"7ba1da6\" data-element_type=\"widget\" data-widget_type=\"button.default\">\n\t\t\t\t<div class=\"elementor-widget-container\">\n\t\t\t\t\t\t\t\t\t<div class=\"elementor-button-wrapper\">\n\t\t\t\t\t<a class=\"elementor-button elementor-button-link elementor-size-sm\" href=\"https:\/\/la2com.it\/en\/progetto\">\n\t\t\t\t\t\t<span class=\"elementor-button-content-wrapper\">\n\t\t\t\t\t\t\t\t\t<span class=\"elementor-button-text\">READ MORE<\/span>\n\t\t\t\t\t<\/span>\n\t\t\t\t\t<\/a>\n\t\t\t\t<\/div>\n\t\t\t\t\t\t\t\t<\/div>\n\t\t\t\t<\/div>\n\t\t\t\t<\/div>\n\t\t\t\t\t<\/div>\n\t\t\t\t<\/div>\n\t\t<div class=\"elementor-element elementor-element-556ef17 e-flex e-con-boxed e-con e-parent\" data-id=\"556ef17\" data-element_type=\"container\" data-settings=\"{&quot;background_background&quot;:&quot;classic&quot;}\">\n\t\t\t\t\t<div class=\"e-con-inner\">\n\t\t<div class=\"elementor-element elementor-element-40552d9 e-con-full e-flex e-con e-child\" data-id=\"40552d9\" data-element_type=\"container\">\n\t\t\t\t<div class=\"elementor-element elementor-element-2fa8427 elementor-widget elementor-widget-heading\" data-id=\"2fa8427\" data-element_type=\"widget\" data-widget_type=\"heading.default\">\n\t\t\t\t<div class=\"elementor-widget-container\">\n\t\t\t\t\t<h2 class=\"elementor-heading-title elementor-size-default\">News<\/h2>\t\t\t\t<\/div>\n\t\t\t\t<\/div>\n\t\t\t\t<div class=\"elementor-element elementor-element-e9a8110 elementor-widget-divider--view-line elementor-widget elementor-widget-divider\" data-id=\"e9a8110\" data-element_type=\"widget\" data-widget_type=\"divider.default\">\n\t\t\t\t<div class=\"elementor-widget-container\">\n\t\t\t\t\t\t\t<div class=\"elementor-divider\">\n\t\t\t<span class=\"elementor-divider-separator\">\n\t\t\t\t\t\t<\/span>\n\t\t<\/div>\n\t\t\t\t\t\t<\/div>\n\t\t\t\t<\/div>\n\t\t<div class=\"elementor-element elementor-element-0e50bf9 e-con-full e-flex e-con e-child\" data-id=\"0e50bf9\" data-element_type=\"container\">\n\t\t\t\t<div class=\"elementor-element elementor-element-5844032 elementor-grid-3 elementor-grid-tablet-2 elementor-grid-mobile-1 elementor-posts--thumbnail-top elementor-widget elementor-widget-posts\" data-id=\"5844032\" data-element_type=\"widget\" data-settings=\"{&quot;classic_columns&quot;:&quot;3&quot;,&quot;classic_columns_tablet&quot;:&quot;2&quot;,&quot;classic_columns_mobile&quot;:&quot;1&quot;,&quot;classic_row_gap&quot;:{&quot;unit&quot;:&quot;px&quot;,&quot;size&quot;:35,&quot;sizes&quot;:[]},&quot;classic_row_gap_tablet&quot;:{&quot;unit&quot;:&quot;px&quot;,&quot;size&quot;:&quot;&quot;,&quot;sizes&quot;:[]},&quot;classic_row_gap_mobile&quot;:{&quot;unit&quot;:&quot;px&quot;,&quot;size&quot;:&quot;&quot;,&quot;sizes&quot;:[]}}\" data-widget_type=\"posts.classic\">\n\t\t\t\t<div class=\"elementor-widget-container\">\n\t\t\t\t\t\t\t<div class=\"elementor-posts-container elementor-posts elementor-posts--skin-classic elementor-grid\">\n\t\t\t\t<article class=\"elementor-post elementor-grid-item post-2607 post type-post status-publish format-standard has-post-thumbnail hentry category-non-categorizzato\">\n\t\t\t\t<a class=\"elementor-post__thumbnail__link\" href=\"https:\/\/la2com.it\/en\/bologna-26-e-27-giugno-la2com-a-r2b-il-salone-della-ricerca-e-delle-competenze-per-linnovazione\/\" tabindex=\"-1\" >\n\t\t\t<div class=\"elementor-post__thumbnail\"><img decoding=\"async\" width=\"1918\" height=\"1079\" src=\"https:\/\/la2com.it\/wp-content\/uploads\/2024\/06\/LA2COM_R2B-1.jpg\" class=\"attachment-full size-full wp-image-2585\" alt=\"\" srcset=\"https:\/\/la2com.it\/wp-content\/uploads\/2024\/06\/LA2COM_R2B-1.jpg 1918w, https:\/\/la2com.it\/wp-content\/uploads\/2024\/06\/LA2COM_R2B-1-300x169.jpg 300w, https:\/\/la2com.it\/wp-content\/uploads\/2024\/06\/LA2COM_R2B-1-1024x576.jpg 1024w, https:\/\/la2com.it\/wp-content\/uploads\/2024\/06\/LA2COM_R2B-1-768x432.jpg 768w, https:\/\/la2com.it\/wp-content\/uploads\/2024\/06\/LA2COM_R2B-1-1536x864.jpg 1536w\" sizes=\"(max-width: 1918px) 100vw, 1918px\" \/><\/div>\n\t\t<\/a>\n\t\t\t\t<div class=\"elementor-post__text\">\n\t\t\t\t<h3 class=\"elementor-post__title\">\n\t\t\t<a href=\"https:\/\/la2com.it\/en\/bologna-26-e-27-giugno-la2com-a-r2b-il-salone-della-ricerca-e-delle-competenze-per-linnovazione\/\" >\n\t\t\t\tBologna, 26 e 27 giugno | LA2COM a R2B, il salone della ricerca e delle competenze per l\u2019innovazione\t\t\t<\/a>\n\t\t<\/h3>\n\t\t\t\t<div class=\"elementor-post__meta-data\">\n\t\t\t\t\t<span class=\"elementor-post-date\">\n\t\t\tJune 30, 2024\t\t<\/span>\n\t\t\t\t<span class=\"elementor-post-avatar\">\n\t\t\tNo Comments\t\t<\/span>\n\t\t\t\t<\/div>\n\t\t\t\t<div class=\"elementor-post__excerpt\">\n\t\t\t<p>Il progetto LA2COM ha partecipato all\u2019appuntamento annuale per la comunit\u00e0 dell\u2019innovazione a livello internazionale. Un\u2019iniziativa che ha coinvolto esperti, imprese,<\/p>\n\t\t<\/div>\n\t\t\n\t\t<a class=\"elementor-post__read-more\" href=\"https:\/\/la2com.it\/en\/bologna-26-e-27-giugno-la2com-a-r2b-il-salone-della-ricerca-e-delle-competenze-per-linnovazione\/\" aria-label=\"Read more about Bologna, 26 e 27 giugno | LA2COM a R2B, il salone della ricerca e delle competenze per l\u2019innovazione\" tabindex=\"-1\" >\n\t\t\tLeggi tutto \u00bb\t\t<\/a>\n\n\t\t\t\t<\/div>\n\t\t\t\t<\/article>\n\t\t\t\t<article class=\"elementor-post elementor-grid-item post-2608 post type-post status-publish format-standard has-post-thumbnail hentry category-non-categorizzato\">\n\t\t\t\t<a class=\"elementor-post__thumbnail__link\" href=\"https:\/\/la2com.it\/en\/bologna-8-marzo-dallultimo-miglio-allaerospace-uno-sguardo-al-futuro-dallemilia-romagna\/\" tabindex=\"-1\" >\n\t\t\t<div class=\"elementor-post__thumbnail\"><img decoding=\"async\" width=\"1920\" height=\"1080\" src=\"https:\/\/la2com.it\/wp-content\/uploads\/2024\/03\/LA2COM_MECSPE-1.jpg\" class=\"attachment-full size-full wp-image-2587\" alt=\"\" srcset=\"https:\/\/la2com.it\/wp-content\/uploads\/2024\/03\/LA2COM_MECSPE-1.jpg 1920w, https:\/\/la2com.it\/wp-content\/uploads\/2024\/03\/LA2COM_MECSPE-1-300x169.jpg 300w, https:\/\/la2com.it\/wp-content\/uploads\/2024\/03\/LA2COM_MECSPE-1-1024x576.jpg 1024w, https:\/\/la2com.it\/wp-content\/uploads\/2024\/03\/LA2COM_MECSPE-1-768x432.jpg 768w, https:\/\/la2com.it\/wp-content\/uploads\/2024\/03\/LA2COM_MECSPE-1-1536x864.jpg 1536w\" sizes=\"(max-width: 1920px) 100vw, 1920px\" \/><\/div>\n\t\t<\/a>\n\t\t\t\t<div class=\"elementor-post__text\">\n\t\t\t\t<h3 class=\"elementor-post__title\">\n\t\t\t<a href=\"https:\/\/la2com.it\/en\/bologna-8-marzo-dallultimo-miglio-allaerospace-uno-sguardo-al-futuro-dallemilia-romagna\/\" >\n\t\t\t\tBologna, 8 marzo | Dall\u2019ultimo miglio all\u2019aerospace uno sguardo al futuro dall\u2019Emilia-Romagna\t\t\t<\/a>\n\t\t<\/h3>\n\t\t\t\t<div class=\"elementor-post__meta-data\">\n\t\t\t\t\t<span class=\"elementor-post-date\">\n\t\t\tMarch 10, 2024\t\t<\/span>\n\t\t\t\t<span class=\"elementor-post-avatar\">\n\t\t\tNo Comments\t\t<\/span>\n\t\t\t\t<\/div>\n\t\t\t\t<div class=\"elementor-post__excerpt\">\n\t\t\t<p>Nella cornice di MecSpe a Bologna, venerd\u00ec 8 marzo, si \u00e8 tenuta l&#8217;iniziativa di lancio di LA2COM. L&#8217;evento \u00e8 stato<\/p>\n\t\t<\/div>\n\t\t\n\t\t<a class=\"elementor-post__read-more\" href=\"https:\/\/la2com.it\/en\/bologna-8-marzo-dallultimo-miglio-allaerospace-uno-sguardo-al-futuro-dallemilia-romagna\/\" aria-label=\"Read more about Bologna, 8 marzo | Dall\u2019ultimo miglio all\u2019aerospace uno sguardo al futuro dall\u2019Emilia-Romagna\" tabindex=\"-1\" >\n\t\t\tLeggi tutto \u00bb\t\t<\/a>\n\n\t\t\t\t<\/div>\n\t\t\t\t<\/article>\n\t\t\t\t<article class=\"elementor-post elementor-grid-item post-2609 post type-post status-publish format-standard has-post-thumbnail hentry category-non-categorizzato\">\n\t\t\t\t<a class=\"elementor-post__thumbnail__link\" href=\"https:\/\/la2com.it\/en\/scarica-la-brochure-del-progetto-la2com\/\" tabindex=\"-1\" >\n\t\t\t<div class=\"elementor-post__thumbnail\"><img loading=\"lazy\" decoding=\"async\" width=\"1920\" height=\"1080\" src=\"https:\/\/la2com.it\/wp-content\/uploads\/2024\/02\/2024-03-08_Evento-progetti-PIAZZA-MECH-LA2COM.jpg\" class=\"attachment-full size-full wp-image-2589\" alt=\"\" srcset=\"https:\/\/la2com.it\/wp-content\/uploads\/2024\/02\/2024-03-08_Evento-progetti-PIAZZA-MECH-LA2COM.jpg 1920w, https:\/\/la2com.it\/wp-content\/uploads\/2024\/02\/2024-03-08_Evento-progetti-PIAZZA-MECH-LA2COM-300x169.jpg 300w, https:\/\/la2com.it\/wp-content\/uploads\/2024\/02\/2024-03-08_Evento-progetti-PIAZZA-MECH-LA2COM-1024x576.jpg 1024w, https:\/\/la2com.it\/wp-content\/uploads\/2024\/02\/2024-03-08_Evento-progetti-PIAZZA-MECH-LA2COM-768x432.jpg 768w, https:\/\/la2com.it\/wp-content\/uploads\/2024\/02\/2024-03-08_Evento-progetti-PIAZZA-MECH-LA2COM-1536x864.jpg 1536w\" sizes=\"(max-width: 1920px) 100vw, 1920px\" \/><\/div>\n\t\t<\/a>\n\t\t\t\t<div class=\"elementor-post__text\">\n\t\t\t\t<h3 class=\"elementor-post__title\">\n\t\t\t<a href=\"https:\/\/la2com.it\/en\/scarica-la-brochure-del-progetto-la2com\/\" >\n\t\t\t\tScarica la brochure del progetto LA2COM\t\t\t<\/a>\n\t\t<\/h3>\n\t\t\t\t<div class=\"elementor-post__meta-data\">\n\t\t\t\t\t<span class=\"elementor-post-date\">\n\t\t\tFebruary 25, 2024\t\t<\/span>\n\t\t\t\t<span class=\"elementor-post-avatar\">\n\t\t\tNo Comments\t\t<\/span>\n\t\t\t\t<\/div>\n\t\t\t\t<div class=\"elementor-post__excerpt\">\n\t\t\t<p>\u00c8 ora disponibile la brochure dedicata al progetto LA2COM.<\/p>\n\t\t<\/div>\n\t\t\n\t\t<a class=\"elementor-post__read-more\" href=\"https:\/\/la2com.it\/en\/scarica-la-brochure-del-progetto-la2com\/\" aria-label=\"Read more about Scarica la brochure del progetto LA2COM\" tabindex=\"-1\" >\n\t\t\tLeggi tutto \u00bb\t\t<\/a>\n\n\t\t\t\t<\/div>\n\t\t\t\t<\/article>\n\t\t\t\t<\/div>\n\t\t\n\t\t\t\t\t\t<\/div>\n\t\t\t\t<\/div>\n\t\t\t\t<div class=\"elementor-element elementor-element-f6e5f68 elementor-align-center elementor-widget elementor-widget-button\" data-id=\"f6e5f68\" data-element_type=\"widget\" data-widget_type=\"button.default\">\n\t\t\t\t<div class=\"elementor-widget-container\">\n\t\t\t\t\t\t\t\t\t<div class=\"elementor-button-wrapper\">\n\t\t\t\t\t<a class=\"elementor-button elementor-button-link elementor-size-sm\" href=\"https:\/\/la2com.it\/en\/novita\">\n\t\t\t\t\t\t<span class=\"elementor-button-content-wrapper\">\n\t\t\t\t\t\t\t\t\t<span class=\"elementor-button-text\">All news<\/span>\n\t\t\t\t\t<\/span>\n\t\t\t\t\t<\/a>\n\t\t\t\t<\/div>\n\t\t\t\t\t\t\t\t<\/div>\n\t\t\t\t<\/div>\n\t\t\t\t<\/div>\n\t\t\t\t<\/div>\n\t\t\t\t\t<\/div>\n\t\t\t\t<\/div>\n\t\t<div class=\"elementor-element elementor-element-ba3ef88 e-flex e-con-boxed e-con e-parent\" data-id=\"ba3ef88\" data-element_type=\"container\" data-settings=\"{&quot;background_background&quot;:&quot;classic&quot;}\">\n\t\t\t\t\t<div class=\"e-con-inner\">\n\t\t<div class=\"elementor-element elementor-element-f904a97 e-con-full e-flex e-con e-child\" data-id=\"f904a97\" data-element_type=\"container\">\n\t\t\t\t<div class=\"elementor-element elementor-element-0916e6d elementor-widget elementor-widget-spacer\" data-id=\"0916e6d\" data-element_type=\"widget\" data-widget_type=\"spacer.default\">\n\t\t\t\t<div class=\"elementor-widget-container\">\n\t\t\t\t\t\t\t<div class=\"elementor-spacer\">\n\t\t\t<div class=\"elementor-spacer-inner\"><\/div>\n\t\t<\/div>\n\t\t\t\t\t\t<\/div>\n\t\t\t\t<\/div>\n\t\t\t\t<div class=\"elementor-element elementor-element-b5394e4 elementor-align-center elementor-mobile-align-left elementor-widget elementor-widget-button\" data-id=\"b5394e4\" data-element_type=\"widget\" data-widget_type=\"button.default\">\n\t\t\t\t<div class=\"elementor-widget-container\">\n\t\t\t\t\t\t\t\t\t<div class=\"elementor-button-wrapper\">\n\t\t\t\t\t<a class=\"elementor-button elementor-button-link elementor-size-sm\" href=\"https:\/\/la2com.it\/en\/progetto\">\n\t\t\t\t\t\t<span class=\"elementor-button-content-wrapper\">\n\t\t\t\t\t\t<span class=\"elementor-button-icon\">\n\t\t\t\t\t\t\t<\/span>\n\t\t\t\t\t\t\t\t\t<span class=\"elementor-button-text\">read more<\/span>\n\t\t\t\t\t<\/span>\n\t\t\t\t\t<\/a>\n\t\t\t\t<\/div>\n\t\t\t\t\t\t\t\t<\/div>\n\t\t\t\t<\/div>\n\t\t\t\t<\/div>\n\t\t<div class=\"elementor-element elementor-element-70d5aa0 e-con-full e-flex e-con e-child\" data-id=\"70d5aa0\" data-element_type=\"container\">\n\t\t\t\t<\/div>\n\t\t\t\t\t<\/div>\n\t\t\t\t<\/div>\n\t\t<div class=\"elementor-element elementor-element-24c68a1 e-flex e-con-boxed e-con e-parent\" data-id=\"24c68a1\" data-element_type=\"container\" data-settings=\"{&quot;background_background&quot;:&quot;classic&quot;}\">\n\t\t\t\t\t<div class=\"e-con-inner\">\n\t\t\t\t<div class=\"elementor-element elementor-element-c004b04 elementor-widget elementor-widget-heading\" data-id=\"c004b04\" data-element_type=\"widget\" data-widget_type=\"heading.default\">\n\t\t\t\t<div class=\"elementor-widget-container\">\n\t\t\t\t\t<h2 class=\"elementor-heading-title elementor-size-default\">Contact Us<\/h2>\t\t\t\t<\/div>\n\t\t\t\t<\/div>\n\t\t\t\t<div class=\"elementor-element elementor-element-93ea5d2 elementor-widget-divider--view-line elementor-widget elementor-widget-divider\" data-id=\"93ea5d2\" data-element_type=\"widget\" data-widget_type=\"divider.default\">\n\t\t\t\t<div class=\"elementor-widget-container\">\n\t\t\t\t\t\t\t<div class=\"elementor-divider\">\n\t\t\t<span class=\"elementor-divider-separator\">\n\t\t\t\t\t\t<\/span>\n\t\t<\/div>\n\t\t\t\t\t\t<\/div>\n\t\t\t\t<\/div>\n\t\t\t\t<div class=\"elementor-element elementor-element-ccfcc53 elementor-widget elementor-widget-text-editor\" data-id=\"ccfcc53\" data-element_type=\"widget\" data-widget_type=\"text-editor.default\">\n\t\t\t\t<div class=\"elementor-widget-container\">\n\t\t\t\t\t\t\t\t\tIf you have any doubts or questions about the project, send us an email! We&#8217;ll be happy to reply as soon as possible.\t\t\t\t\t\t\t\t<\/div>\n\t\t\t\t<\/div>\n\t\t\t\t<div class=\"elementor-element elementor-element-58d6cbb elementor-widget elementor-widget-text-editor\" data-id=\"58d6cbb\" data-element_type=\"widget\" data-widget_type=\"text-editor.default\">\n\t\t\t\t<div class=\"elementor-widget-container\">\n\t\t\t\t\t\t\t\t\t<p><strong>E-mail:<\/strong>\u00a0<\/p>\t\t\t\t\t\t\t\t<\/div>\n\t\t\t\t<\/div>\n\t\t\t\t<div class=\"elementor-element elementor-element-6ac07a6 elementor-align-left elementor-mobile-align-left elementor-widget elementor-widget-button\" data-id=\"6ac07a6\" data-element_type=\"widget\" data-widget_type=\"button.default\">\n\t\t\t\t<div class=\"elementor-widget-container\">\n\t\t\t\t\t\t\t\t\t<div class=\"elementor-button-wrapper\">\n\t\t\t\t\t<a class=\"elementor-button elementor-button-link elementor-size-sm\" href=\"https:\/\/la2com.it\/en\/contatti\">\n\t\t\t\t\t\t<span class=\"elementor-button-content-wrapper\">\n\t\t\t\t\t\t<span class=\"elementor-button-icon\">\n\t\t\t\t\t\t\t<\/span>\n\t\t\t\t\t\t\t\t\t<span class=\"elementor-button-text\">Contact Us<\/span>\n\t\t\t\t\t<\/span>\n\t\t\t\t\t<\/a>\n\t\t\t\t<\/div>\n\t\t\t\t\t\t\t\t<\/div>\n\t\t\t\t<\/div>\n\t\t\t\t\t<\/div>\n\t\t\t\t<\/div>\n\t\t\t\t<\/div>\n\t\t","protected":false},"excerpt":{"rendered":"<p>LAboratory of Lightweight Aircrafts COndition Monitoring: integration of multimodal experimental data fusion and digital twin simulations The project aims to [&hellip;]<\/p>\n","protected":false},"author":1,"featured_media":0,"parent":0,"menu_order":0,"comment_status":"closed","ping_status":"closed","template":"","meta":{"site-sidebar-layout":"no-sidebar","site-content-layout":"page-builder","ast-site-content-layout":"full-width-container","site-content-style":"unboxed","site-sidebar-style":"unboxed","ast-global-header-display":"","ast-banner-title-visibility":"","ast-main-header-display":"","ast-hfb-above-header-display":"","ast-hfb-below-header-display":"","ast-hfb-mobile-header-display":"","site-post-title":"disabled","ast-breadcrumbs-content":"","ast-featured-img":"disabled","footer-sml-layout":"","theme-transparent-header-meta":"enabled","adv-header-id-meta":"","stick-header-meta":"","header-above-stick-meta":"","header-main-stick-meta":"","header-below-stick-meta":"","astra-migrate-meta-layouts":"set","ast-page-background-enabled":"default","ast-page-background-meta":{"desktop":{"background-color":"","background-image":"","background-repeat":"repeat","background-position":"center center","background-size":"auto","background-attachment":"scroll","background-type":"","background-media":"","overlay-type":"","overlay-color":"","overlay-opacity":"","overlay-gradient":""},"tablet":{"background-color":"","background-image":"","background-repeat":"repeat","background-position":"center center","background-size":"auto","background-attachment":"scroll","background-type":"","background-media":"","overlay-type":"","overlay-color":"","overlay-opacity":"","overlay-gradient":""},"mobile":{"background-color":"","background-image":"","background-repeat":"repeat","background-position":"center center","background-size":"auto","background-attachment":"scroll","background-type":"","background-media":"","overlay-type":"","overlay-color":"","overlay-opacity":"","overlay-gradient":""}},"ast-content-background-meta":{"desktop":{"background-color":"var(--ast-global-color-5)","background-image":"","background-repeat":"repeat","background-position":"center center","background-size":"auto","background-attachment":"scroll","background-type":"","background-media":"","overlay-type":"","overlay-color":"","overlay-opacity":"","overlay-gradient":""},"tablet":{"background-color":"var(--ast-global-color-5)","background-image":"","background-repeat":"repeat","background-position":"center center","background-size":"auto","background-attachment":"scroll","background-type":"","background-media":"","overlay-type":"","overlay-color":"","overlay-opacity":"","overlay-gradient":""},"mobile":{"background-color":"var(--ast-global-color-5)","background-image":"","background-repeat":"repeat","background-position":"center center","background-size":"auto","background-attachment":"scroll","background-type":"","background-media":"","overlay-type":"","overlay-color":"","overlay-opacity":"","overlay-gradient":""}},"footnotes":""},"class_list":["post-2540","page","type-page","status-publish","hentry"],"_links":{"self":[{"href":"https:\/\/la2com.it\/en\/wp-json\/wp\/v2\/pages\/2540","targetHints":{"allow":["GET"]}}],"collection":[{"href":"https:\/\/la2com.it\/en\/wp-json\/wp\/v2\/pages"}],"about":[{"href":"https:\/\/la2com.it\/en\/wp-json\/wp\/v2\/types\/page"}],"author":[{"embeddable":true,"href":"https:\/\/la2com.it\/en\/wp-json\/wp\/v2\/users\/1"}],"replies":[{"embeddable":true,"href":"https:\/\/la2com.it\/en\/wp-json\/wp\/v2\/comments?post=2540"}],"version-history":[{"count":21,"href":"https:\/\/la2com.it\/en\/wp-json\/wp\/v2\/pages\/2540\/revisions"}],"predecessor-version":[{"id":2568,"href":"https:\/\/la2com.it\/en\/wp-json\/wp\/v2\/pages\/2540\/revisions\/2568"}],"wp:attachment":[{"href":"https:\/\/la2com.it\/en\/wp-json\/wp\/v2\/media?parent=2540"}],"curies":[{"name":"wp","href":"https:\/\/api.w.org\/{rel}","templated":true}]}}